{"id":734,"date":"2018-07-26T10:49:22","date_gmt":"2018-07-26T13:49:22","guid":{"rendered":"https:\/\/sanjosequines-slu.infd.edu.ar\/sitio\/?page_id=734"},"modified":"2023-05-10T17:16:32","modified_gmt":"2023-05-10T20:16:32","slug":"plan-de-estudio","status":"publish","type":"page","link":"https:\/\/sanjosequines-slu.infd.edu.ar\/sitio\/catalogo\/plan-de-estudio\/","title":{"rendered":"Profesorado de Educaci\u00f3n Primaria &#8211; Plan de estudio"},"content":{"rendered":"<h4>Profesorado de Educaci\u00f3n Primaria<\/h4>\n<p><img decoding=\"async\" loading=\"lazy\" class=\"alignnone size-medium wp-image-960\" src=\"https:\/\/sanjosequines-slu.infd.edu.ar\/sitio\/wp-content\/uploads\/2023\/04\/FOLLETO-DE-PROFESORADO-DE-EDUCACION-PRIMARIA_page-0002-1000x707.jpg\" alt=\"\" width=\"1000\" height=\"707\" srcset=\"https:\/\/sanjosequines-slu.infd.edu.ar\/sitio\/wp-content\/uploads\/2023\/04\/FOLLETO-DE-PROFESORADO-DE-EDUCACION-PRIMARIA_page-0002-1000x707.jpg 1000w, https:\/\/sanjosequines-slu.infd.edu.ar\/sitio\/wp-content\/uploads\/2023\/04\/FOLLETO-DE-PROFESORADO-DE-EDUCACION-PRIMARIA_page-0002-768x543.jpg 768w, https:\/\/sanjosequines-slu.infd.edu.ar\/sitio\/wp-content\/uploads\/2023\/04\/FOLLETO-DE-PROFESORADO-DE-EDUCACION-PRIMARIA_page-0002-1536x1086.jpg 1536w, https:\/\/sanjosequines-slu.infd.edu.ar\/sitio\/wp-content\/uploads\/2023\/04\/FOLLETO-DE-PROFESORADO-DE-EDUCACION-PRIMARIA_page-0002.jpg 1755w\" sizes=\"(max-width: 1000px) 100vw, 1000px\" \/><\/p>\n<h4><span class=\"corrected-phrase corrected-phrase_synonyms-mode ng-star-inserted\" data-end=\"10\" data-originaltext=\"Tecnicatura\" data-start=\"0\" data-text=\"\"><span class=\"corrected-phrase__displayed-text corrected-phrase__displayed-text_no-correction corrected-phrase__displayed-text_synonyms-mode ng-star-inserted\">Tecnicatura<\/span><\/span> <span class=\"corrected-phrase corrected-phrase_synonyms-mode ng-star-inserted\" data-end=\"13\" data-originaltext=\"en\" data-start=\"12\" data-text=\"\"><span class=\"corrected-phrase__displayed-text corrected-phrase__displayed-text_no-correction corrected-phrase__displayed-text_synonyms-mode ng-star-inserted\">en<\/span><\/span> I<span class=\"corrected-phrase ng-star-inserted\" data-end=\"34\" data-originaltext=\"Informatica Aplicada\" data-start=\"15\" data-text=\"inform\u00e1tica aplicada\"><span class=\"corrected-phrase__displayed-text corrected-phrase__displayed-text_bubbled corrected-phrase__displayed-text_picked-from-suggested\" data-group=\"Suggestion\" data-suggestions=\"1\" data-type=\"Spelling\">nform\u00e1tica Aplicada<\/span><\/span> <span class=\"corrected-phrase corrected-phrase_synonyms-mode ng-star-inserted\" data-end=\"36\" data-originaltext=\"a\" data-start=\"36\" data-text=\"\"><span class=\"corrected-phrase__displayed-text corrected-phrase__displayed-text_no-correction corrected-phrase__displayed-text_synonyms-mode ng-star-inserted\">a<\/span><\/span> <span class=\"corrected-phrase corrected-phrase_synonyms-mode ng-star-inserted\" data-end=\"39\" data-originaltext=\"la\" data-start=\"38\" data-text=\"\"><span class=\"corrected-phrase__displayed-text corrected-phrase__displayed-text_no-correction corrected-phrase__displayed-text_synonyms-mode ng-star-inserted\">la<\/span><\/span> <span class=\"corrected-phrase ng-star-inserted\" data-end=\"52\" data-originaltext=\"Comunicacion\" data-start=\"41\" data-text=\"Comunicaci\u00f3n\"><span class=\"corrected-phrase__displayed-text corrected-phrase__displayed-text_bubbled corrected-phrase__displayed-text_picked-from-suggested\" data-group=\"Suggestion\" data-suggestions=\"2\" data-type=\"Spelling\">Comunicaci\u00f3n<\/span><\/span><img decoding=\"async\" loading=\"lazy\" class=\"alignnone size-medium wp-image-976\" src=\"https:\/\/sanjosequines-slu.infd.edu.ar\/sitio\/wp-content\/uploads\/2023\/04\/planestudiostecnicatura-2-1000x560.png\" alt=\"\" width=\"1000\" height=\"560\" srcset=\"https:\/\/sanjosequines-slu.infd.edu.ar\/sitio\/wp-content\/uploads\/2023\/04\/planestudiostecnicatura-2-1000x560.png 1000w, https:\/\/sanjosequines-slu.infd.edu.ar\/sitio\/wp-content\/uploads\/2023\/04\/planestudiostecnicatura-2-768x430.png 768w, https:\/\/sanjosequines-slu.infd.edu.ar\/sitio\/wp-content\/uploads\/2023\/04\/planestudiostecnicatura-2.png 1205w\" sizes=\"(max-width: 1000px) 100vw, 1000px\" \/><\/h4>\n\n\n<div class=\"wp-block-media-text alignwide is-stacked-on-mobile\"><figure class=\"wp-block-media-text__media\"><\/figure><div class=\"wp-block-media-text__content\">\n<p><\/p>\n<\/div><\/div>\n","protected":false},"excerpt":{"rendered":"<p>Profesorado de Educaci\u00f3n Primaria Tecnicatura en Inform\u00e1tica Aplicada a la Comunicaci\u00f3n<\/p>\n","protected":false},"author":6,"featured_media":0,"parent":644,"menu_order":0,"comment_status":"closed","ping_status":"closed","template":"","meta":[],"acf":[],"_links":{"self":[{"href":"https:\/\/sanjosequines-slu.infd.edu.ar\/sitio\/wp-json\/wp\/v2\/pages\/734"}],"collection":[{"href":"https:\/\/sanjosequines-slu.infd.edu.ar\/sitio\/wp-json\/wp\/v2\/pages"}],"about":[{"href":"https:\/\/sanjosequines-slu.infd.edu.ar\/sitio\/wp-json\/wp\/v2\/types\/page"}],"author":[{"embeddable":true,"href":"https:\/\/sanjosequines-slu.infd.edu.ar\/sitio\/wp-json\/wp\/v2\/users\/6"}],"replies":[{"embeddable":true,"href":"https:\/\/sanjosequines-slu.infd.edu.ar\/sitio\/wp-json\/wp\/v2\/comments?post=734"}],"version-history":[{"count":13,"href":"https:\/\/sanjosequines-slu.infd.edu.ar\/sitio\/wp-json\/wp\/v2\/pages\/734\/revisions"}],"predecessor-version":[{"id":1004,"href":"https:\/\/sanjosequines-slu.infd.edu.ar\/sitio\/wp-json\/wp\/v2\/pages\/734\/revisions\/1004"}],"up":[{"embeddable":true,"href":"https:\/\/sanjosequines-slu.infd.edu.ar\/sitio\/wp-json\/wp\/v2\/pages\/644"}],"wp:attachment":[{"href":"https:\/\/sanjosequines-slu.infd.edu.ar\/sitio\/wp-json\/wp\/v2\/media?parent=734"}],"curies":[{"name":"wp","href":"https:\/\/api.w.org\/{rel}","templated":true}]}}