{"id":685,"date":"2018-07-25T15:06:42","date_gmt":"2018-07-25T18:06:42","guid":{"rendered":"https:\/\/sanjosequines-slu.infd.edu.ar\/sitio\/?page_id=685"},"modified":"2023-04-17T21:06:48","modified_gmt":"2023-04-18T00:06:48","slug":"autoridades","status":"publish","type":"page","link":"https:\/\/sanjosequines-slu.infd.edu.ar\/sitio\/catalogo\/inicio\/institucional\/autoridades\/","title":{"rendered":"Autoridades"},"content":{"rendered":"<h4><span data-mce-mark=\"1\"><strong>SECRETAR\u00cdA<\/strong><\/span><\/h4>\n<ul>\n<li>Rectora \u2013 Prof. J\u00e9sica Marina Falc\u00f3n<\/li>\n<li>Dir. Acad\u00e9mica \u2013 Prof. Romina Soledad Andino<\/li>\n<li>Secretaria \u2013 Tec. Mar\u00eda Victoria Arce Dur\u00e1n<\/li>\n<\/ul>\n<h4><\/h4>\n","protected":false},"excerpt":{"rendered":"<p>SECRETAR\u00cdA Rectora \u2013 Prof. J\u00e9sica Marina Falc\u00f3n Dir. Acad\u00e9mica \u2013 Prof. Romina Soledad Andino Secretaria \u2013 Tec. Mar\u00eda Victoria Arce Dur\u00e1n<\/p>\n","protected":false},"author":6,"featured_media":0,"parent":683,"menu_order":0,"comment_status":"closed","ping_status":"closed","template":"","meta":[],"acf":[],"_links":{"self":[{"href":"https:\/\/sanjosequines-slu.infd.edu.ar\/sitio\/wp-json\/wp\/v2\/pages\/685"}],"collection":[{"href":"https:\/\/sanjosequines-slu.infd.edu.ar\/sitio\/wp-json\/wp\/v2\/pages"}],"about":[{"href":"https:\/\/sanjosequines-slu.infd.edu.ar\/sitio\/wp-json\/wp\/v2\/types\/page"}],"author":[{"embeddable":true,"href":"https:\/\/sanjosequines-slu.infd.edu.ar\/sitio\/wp-json\/wp\/v2\/users\/6"}],"replies":[{"embeddable":true,"href":"https:\/\/sanjosequines-slu.infd.edu.ar\/sitio\/wp-json\/wp\/v2\/comments?post=685"}],"version-history":[{"count":7,"href":"https:\/\/sanjosequines-slu.infd.edu.ar\/sitio\/wp-json\/wp\/v2\/pages\/685\/revisions"}],"predecessor-version":[{"id":906,"href":"https:\/\/sanjosequines-slu.infd.edu.ar\/sitio\/wp-json\/wp\/v2\/pages\/685\/revisions\/906"}],"up":[{"embeddable":true,"href":"https:\/\/sanjosequines-slu.infd.edu.ar\/sitio\/wp-json\/wp\/v2\/pages\/683"}],"wp:attachment":[{"href":"https:\/\/sanjosequines-slu.infd.edu.ar\/sitio\/wp-json\/wp\/v2\/media?parent=685"}],"curies":[{"name":"wp","href":"https:\/\/api.w.org\/{rel}","templated":true}]}}